{"id":157,"date":"2022-04-25T20:26:34","date_gmt":"2022-04-25T20:26:34","guid":{"rendered":"https:\/\/ac-diec.mx\/?page_id=157"},"modified":"2022-04-25T21:29:15","modified_gmt":"2022-04-25T21:29:15","slug":"estructura-y-gestion-organizacional","status":"publish","type":"page","link":"https:\/\/ac-diec.mx\/?page_id=157","title":{"rendered":"Estructura y Gesti\u00f3n Organizacional"},"content":{"rendered":"\t\t<div data-elementor-type=\"wp-page\" data-elementor-id=\"157\" class=\"elementor elementor-157\">\n\t\t\t\t\t\t\t\t\t<section class=\"elementor-section elementor-top-section elementor-element elementor-element-4aaa2a92 elementor-section-content-middle elementor-section-boxed elementor-section-height-default elementor-section-height-default\" data-id=\"4aaa2a92\" data-element_type=\"section\">\n\t\t\t\t\t\t<div class=\"elementor-container elementor-column-gap-no\">\n\t\t\t\t\t<div class=\"elementor-column elementor-col-100 elementor-top-column elementor-element elementor-element-2db6bde3\" data-id=\"2db6bde3\" data-element_type=\"column\">\n\t\t\t<div class=\"elementor-widget-wrap elementor-element-populated\">\n\t\t\t\t\t\t\t\t<div class=\"elementor-element elementor-element-da78aa2 elementor-widget elementor-widget-heading\" data-id=\"da78aa2\" data-element_type=\"widget\" data-widget_type=\"heading.default\">\n\t\t\t\t<div class=\"elementor-widget-container\">\n\t\t\t<style>\/*! elementor - v3.6.7 - 03-07-2022 *\/\n.elementor-heading-title{padding:0;margin:0;line-height:1}.elementor-widget-heading .elementor-heading-title[class*=elementor-size-]>a{color:inherit;font-size:inherit;line-height:inherit}.elementor-widget-heading .elementor-heading-title.elementor-size-small{font-size:15px}.elementor-widget-heading .elementor-heading-title.elementor-size-medium{font-size:19px}.elementor-widget-heading .elementor-heading-title.elementor-size-large{font-size:29px}.elementor-widget-heading .elementor-heading-title.elementor-size-xl{font-size:39px}.elementor-widget-heading .elementor-heading-title.elementor-size-xxl{font-size:59px}<\/style><h3 class=\"elementor-heading-title elementor-size-default\">Asesor\u00eda, Capacitaci\u00f3n y Consultor\u00eda en Estructura Organizacional y Sistemas de Gesti\u00f3n<\/h3>\t\t<\/div>\n\t\t\t\t<\/div>\n\t\t\t\t<section class=\"elementor-section elementor-inner-section elementor-element elementor-element-7092435e elementor-section-content-middle elementor-section-boxed elementor-section-height-default elementor-section-height-default\" data-id=\"7092435e\" data-element_type=\"section\">\n\t\t\t\t\t\t<div class=\"elementor-container elementor-column-gap-no\">\n\t\t\t\t\t<div class=\"elementor-column elementor-col-50 elementor-inner-column elementor-element elementor-element-1e84b964\" data-id=\"1e84b964\" data-element_type=\"column\">\n\t\t\t<div class=\"elementor-widget-wrap elementor-element-populated\">\n\t\t\t\t\t\t\t\t<div class=\"elementor-element elementor-element-fedeef8 elementor-widget elementor-widget-image\" data-id=\"fedeef8\" data-element_type=\"widget\" data-widget_type=\"image.default\">\n\t\t\t\t<div class=\"elementor-widget-container\">\n\t\t\t<style>\/*! elementor - v3.6.7 - 03-07-2022 *\/\n.elementor-widget-image{text-align:center}.elementor-widget-image a{display:inline-block}.elementor-widget-image a img[src$=\".svg\"]{width:48px}.elementor-widget-image img{vertical-align:middle;display:inline-block}<\/style>\t\t\t\t\t\t\t\t\t\t\t\t<img loading=\"lazy\" decoding=\"async\" width=\"1000\" height=\"600\" src=\"https:\/\/ac-diec.mx\/wp-content\/uploads\/2022\/04\/3-types-of-sales-incentive-plans-that-could-benefit-your-business.jpg\" class=\"attachment-large size-large\" alt=\"\" srcset=\"https:\/\/ac-diec.mx\/wp-content\/uploads\/2022\/04\/3-types-of-sales-incentive-plans-that-could-benefit-your-business.jpg 1000w, https:\/\/ac-diec.mx\/wp-content\/uploads\/2022\/04\/3-types-of-sales-incentive-plans-that-could-benefit-your-business-300x180.jpg 300w, https:\/\/ac-diec.mx\/wp-content\/uploads\/2022\/04\/3-types-of-sales-incentive-plans-that-could-benefit-your-business-768x461.jpg 768w\" sizes=\"auto, (max-width: 1000px) 100vw, 1000px\" \/>\t\t\t\t\t\t\t\t\t\t\t\t\t\t\t<\/div>\n\t\t\t\t<\/div>\n\t\t\t\t\t<\/div>\n\t\t<\/div>\n\t\t\t\t<div class=\"elementor-column elementor-col-50 elementor-inner-column elementor-element elementor-element-68a73d9b\" data-id=\"68a73d9b\" data-element_type=\"column\">\n\t\t\t<div class=\"elementor-widget-wrap elementor-element-populated\">\n\t\t\t\t\t\t\t\t<div class=\"elementor-element elementor-element-4bfa5266 elementor-widget elementor-widget-heading\" data-id=\"4bfa5266\" data-element_type=\"widget\" data-widget_type=\"heading.default\">\n\t\t\t\t<div class=\"elementor-widget-container\">\n\t\t\t<h4 class=\"elementor-heading-title elementor-size-default\">ESTRUCTURA ORGANIZACIONAL<\/h4>\t\t<\/div>\n\t\t\t\t<\/div>\n\t\t\t\t<div class=\"elementor-element elementor-element-1bff4516 elementor-widget elementor-widget-text-editor\" data-id=\"1bff4516\" data-element_type=\"widget\" data-widget_type=\"text-editor.default\">\n\t\t\t\t<div class=\"elementor-widget-container\">\n\t\t\t<style>\/*! elementor - v3.6.7 - 03-07-2022 *\/\n.elementor-widget-text-editor.elementor-drop-cap-view-stacked .elementor-drop-cap{background-color:#818a91;color:#fff}.elementor-widget-text-editor.elementor-drop-cap-view-framed .elementor-drop-cap{color:#818a91;border:3px solid;background-color:transparent}.elementor-widget-text-editor:not(.elementor-drop-cap-view-default) .elementor-drop-cap{margin-top:8px}.elementor-widget-text-editor:not(.elementor-drop-cap-view-default) .elementor-drop-cap-letter{width:1em;height:1em}.elementor-widget-text-editor .elementor-drop-cap{float:left;text-align:center;line-height:1;font-size:50px}.elementor-widget-text-editor .elementor-drop-cap-letter{display:inline-block}<\/style>\t\t\t\t<h4>Definir y formalizar la estructura operativa para cambiar la cultura organizacional, estableciendo claramente los roles y responsabilidades en la organizaci\u00f3n tanto administrativa como operativa. Que apoye a lograr una mayor productividad en la empresa y mejorar la satisfacci\u00f3n de los trabajadores.<\/h4>\t\t\t\t\t\t<\/div>\n\t\t\t\t<\/div>\n\t\t\t\t\t<\/div>\n\t\t<\/div>\n\t\t\t\t\t\t\t<\/div>\n\t\t<\/section>\n\t\t\t\t<section class=\"elementor-section elementor-inner-section elementor-element elementor-element-13a8d747 elementor-section-content-middle elementor-reverse-mobile elementor-section-boxed elementor-section-height-default elementor-section-height-default\" data-id=\"13a8d747\" data-element_type=\"section\">\n\t\t\t\t\t\t<div class=\"elementor-container elementor-column-gap-no\">\n\t\t\t\t\t<div class=\"elementor-column elementor-col-50 elementor-inner-column elementor-element elementor-element-5e9d9e89\" data-id=\"5e9d9e89\" data-element_type=\"column\">\n\t\t\t<div class=\"elementor-widget-wrap elementor-element-populated\">\n\t\t\t\t\t\t\t\t<div class=\"elementor-element elementor-element-7ae156e1 elementor-widget elementor-widget-heading\" data-id=\"7ae156e1\" data-element_type=\"widget\" data-widget_type=\"heading.default\">\n\t\t\t\t<div class=\"elementor-widget-container\">\n\t\t\t<h1 class=\"elementor-heading-title elementor-size-default\">SISTEMAS DE GESTI\u00d3N<\/h1>\t\t<\/div>\n\t\t\t\t<\/div>\n\t\t\t\t<div class=\"elementor-element elementor-element-65c853a elementor-widget elementor-widget-text-editor\" data-id=\"65c853a\" data-element_type=\"widget\" data-widget_type=\"text-editor.default\">\n\t\t\t\t<div class=\"elementor-widget-container\">\n\t\t\t\t\t\t\t<h4><span style=\"color: #000000;\">Apoyo y seguimiento para la implementaci\u00f3n de Sistemas de Gesti\u00f3n que apoyen a la Competitividad y Sustentabilidad de las Organizaciones:<\/span><\/h4><ul><li><h4><span style=\"color: #000000;\">ISO 9001:2015 (Calidad).<\/span><\/h4><\/li><li><h4><span style=\"color: #000000;\">ISO 14001:2015 (Ambiental).<\/span><\/h4><\/li><li><h4><span style=\"color: #000000;\">ISO 21001:2018 (Organizaciones Educativas).<\/span><\/h4><\/li><li><h4><span style=\"color: #000000;\">ISO 37001:2016 (Antisoborno).<\/span><\/h4><\/li><li><h4><span style=\"color: #000000;\">ISO 45001:2018 (Seguridad y Salud).<\/span><\/h4><\/li><\/ul>\t\t\t\t\t\t<\/div>\n\t\t\t\t<\/div>\n\t\t\t\t\t<\/div>\n\t\t<\/div>\n\t\t\t\t<div class=\"elementor-column elementor-col-50 elementor-inner-column elementor-element elementor-element-37f403c7\" data-id=\"37f403c7\" data-element_type=\"column\">\n\t\t\t<div class=\"elementor-widget-wrap elementor-element-populated\">\n\t\t\t\t\t\t\t\t<div class=\"elementor-element elementor-element-76737e85 elementor-widget elementor-widget-image\" data-id=\"76737e85\" data-element_type=\"widget\" data-widget_type=\"image.default\">\n\t\t\t\t<div class=\"elementor-widget-container\">\n\t\t\t\t\t\t\t\t\t\t\t\t\t\t\t<img loading=\"lazy\" decoding=\"async\" width=\"1024\" height=\"576\" src=\"https:\/\/ac-diec.mx\/wp-content\/uploads\/2022\/04\/1500x844_iso_clave_gestion-1024x576.jpg\" class=\"attachment-large size-large\" alt=\"\" srcset=\"https:\/\/ac-diec.mx\/wp-content\/uploads\/2022\/04\/1500x844_iso_clave_gestion-1024x576.jpg 1024w, https:\/\/ac-diec.mx\/wp-content\/uploads\/2022\/04\/1500x844_iso_clave_gestion-300x169.jpg 300w, https:\/\/ac-diec.mx\/wp-content\/uploads\/2022\/04\/1500x844_iso_clave_gestion-768x432.jpg 768w, https:\/\/ac-diec.mx\/wp-content\/uploads\/2022\/04\/1500x844_iso_clave_gestion.jpg 1500w\" sizes=\"auto, (max-width: 1024px) 100vw, 1024px\" \/>\t\t\t\t\t\t\t\t\t\t\t\t\t\t\t<\/div>\n\t\t\t\t<\/div>\n\t\t\t\t\t<\/div>\n\t\t<\/div>\n\t\t\t\t\t\t\t<\/div>\n\t\t<\/section>\n\t\t\t\t\t<\/div>\n\t\t<\/div>\n\t\t\t\t\t\t\t<\/div>\n\t\t<\/section>\n\t\t\t\t\t\t\t<\/div>\n\t\t","protected":false},"excerpt":{"rendered":"<p>Asesor\u00eda, Capacitaci\u00f3n y Consultor\u00eda en Estructura Organizacional y Sistemas de Gesti\u00f3n ESTRUCTURA ORGANIZACIONAL Definir y formalizar la estructura operativa para cambiar la cultura organizacional, estableciendo claramente los roles y responsabilidades en la organizaci\u00f3n tanto administrativa como operativa. Que apoye a lograr una mayor productividad en la empresa y mejorar la satisfacci\u00f3n de los trabajadores. SISTEMAS &hellip;<\/p>\n<p class=\"read-more\"> <a class=\"\" href=\"https:\/\/ac-diec.mx\/?page_id=157\"> <span class=\"screen-reader-text\">Estructura y Gesti\u00f3n Organizacional<\/span> Leer m\u00e1s &raquo;<\/a><\/p>\n","protected":false},"author":1,"featured_media":0,"parent":0,"menu_order":0,"comment_status":"closed","ping_status":"closed","template":"","meta":{"site-sidebar-layout":"no-sidebar","site-content-layout":"page-builder","ast-global-header-display":"","ast-main-header-display":"","ast-hfb-above-header-display":"","ast-hfb-below-header-display":"","ast-hfb-mobile-header-display":"","site-post-title":"disabled","ast-breadcrumbs-content":"","ast-featured-img":"disabled","footer-sml-layout":"","theme-transparent-header-meta":"","adv-header-id-meta":"","stick-header-meta":"","header-above-stick-meta":"","header-main-stick-meta":"","header-below-stick-meta":"","footnotes":""},"class_list":["post-157","page","type-page","status-publish","hentry"],"_links":{"self":[{"href":"https:\/\/ac-diec.mx\/index.php?rest_route=\/wp\/v2\/pages\/157","targetHints":{"allow":["GET"]}}],"collection":[{"href":"https:\/\/ac-diec.mx\/index.php?rest_route=\/wp\/v2\/pages"}],"about":[{"href":"https:\/\/ac-diec.mx\/index.php?rest_route=\/wp\/v2\/types\/page"}],"author":[{"embeddable":true,"href":"https:\/\/ac-diec.mx\/index.php?rest_route=\/wp\/v2\/users\/1"}],"replies":[{"embeddable":true,"href":"https:\/\/ac-diec.mx\/index.php?rest_route=%2Fwp%2Fv2%2Fcomments&post=157"}],"version-history":[{"count":3,"href":"https:\/\/ac-diec.mx\/index.php?rest_route=\/wp\/v2\/pages\/157\/revisions"}],"predecessor-version":[{"id":164,"href":"https:\/\/ac-diec.mx\/index.php?rest_route=\/wp\/v2\/pages\/157\/revisions\/164"}],"wp:attachment":[{"href":"https:\/\/ac-diec.mx\/index.php?rest_route=%2Fwp%2Fv2%2Fmedia&parent=157"}],"curies":[{"name":"wp","href":"https:\/\/api.w.org\/{rel}","templated":true}]}}